{"id":1142,"date":"2024-12-14T09:50:06","date_gmt":"2024-12-14T08:50:06","guid":{"rendered":"https:\/\/multitaste.lu\/reserver\/"},"modified":"2025-02-25T12:25:34","modified_gmt":"2025-02-25T11:25:34","slug":"reserver","status":"publish","type":"page","link":"https:\/\/multitaste.lu\/fr\/reserver\/","title":{"rendered":"R\u00e9server"},"content":{"rendered":"\t\t<div data-elementor-type=\"wp-page\" data-elementor-id=\"1142\" class=\"elementor elementor-1142 elementor-848\" data-elementor-post-type=\"page\">\n\t\t\t\t<div class=\"elementor-element elementor-element-6dc593b e-flex e-con-boxed e-con e-parent\" data-id=\"6dc593b\" data-element_type=\"container\" data-settings=\"{&quot;background_background&quot;:&quot;classic&quot;,&quot;jet_parallax_layout_list&quot;:[]}\">\n\t\t\t\t\t<div class=\"e-con-inner\">\n\t\t<div class=\"elementor-element elementor-element-c21361a e-con-full e-flex e-con e-child\" data-id=\"c21361a\" data-element_type=\"container\" data-settings=\"{&quot;jet_parallax_layout_list&quot;:[]}\">\n\t\t\t\t<div class=\"elementor-element elementor-element-469e0bd elementor-widget elementor-widget-heading\" data-id=\"469e0bd\" data-element_type=\"widget\" data-widget_type=\"heading.default\">\n\t\t\t\t<div class=\"elementor-widget-container\">\n\t\t\t<h2 class=\"elementor-heading-title elementor-size-default\">Il est temps de r\u00e9server !<\/h2>\t\t<\/div>\n\t\t\t\t<\/div>\n\t\t\t\t<\/div>\n\t\t\t\t\t<\/div>\n\t\t\t\t<\/div>\n\t\t<div class=\"elementor-element elementor-element-66f2a00 e-flex e-con-boxed e-con e-parent\" data-id=\"66f2a00\" data-element_type=\"container\" data-settings=\"{&quot;jet_parallax_layout_list&quot;:[],&quot;background_background&quot;:&quot;classic&quot;}\">\n\t\t\t\t\t<div class=\"e-con-inner\">\n\t\t<div class=\"elementor-element elementor-element-f7f3751 e-con-full e-flex e-con e-child\" data-id=\"f7f3751\" data-element_type=\"container\" data-settings=\"{&quot;jet_parallax_layout_list&quot;:[]}\">\n\t\t\t\t<div class=\"elementor-element elementor-element-01896de elementor-widget elementor-widget-heading\" data-id=\"01896de\" data-element_type=\"widget\" data-widget_type=\"heading.default\">\n\t\t\t\t<div class=\"elementor-widget-container\">\n\t\t\t<h2 class=\"elementor-heading-title elementor-size-default\">Contact<\/h2>\t\t<\/div>\n\t\t\t\t<\/div>\n\t\t\t\t<div class=\"elementor-element elementor-element-f502aa1 elementor-widget__width-initial elementor-widget-mobile__width-inherit elementor-widget elementor-widget-text-editor\" data-id=\"f502aa1\" data-element_type=\"widget\" data-widget_type=\"text-editor.default\">\n\t\t\t\t<div class=\"elementor-widget-container\">\n\t\t\t\t\t\t\t<p>R\u00e9servez d\u00e8s maintenant votre exp\u00e9rience I am Wow<\/p>\t\t\t\t\t\t<\/div>\n\t\t\t\t<\/div>\n\t\t\t\t<div class=\"elementor-element elementor-element-82dc9fa elementor-widget__width-initial elementor-widget-mobile__width-inherit elementor-widget elementor-widget-text-editor\" data-id=\"82dc9fa\" data-element_type=\"widget\" data-widget_type=\"text-editor.default\">\n\t\t\t\t<div class=\"elementor-widget-container\">\n\t\t\t\t\t\t\t<p>N&rsquo;oubliez pas de r\u00e9server une exp\u00e9rience pour un maximum de 6 personnes.<\/p>\t\t\t\t\t\t<\/div>\n\t\t\t\t<\/div>\n\t\t\t\t<div class=\"elementor-element elementor-element-9df1e76 elementor-widget elementor-widget-bookly-widget-bookly-form\" data-id=\"9df1e76\" data-element_type=\"widget\" data-widget_type=\"bookly-widget-bookly-form.default\">\n\t\t\t\t<div class=\"elementor-widget-container\">\n\t\t\t<!--\nPlugin Name: Bookly - Responsive WordPress Appointment Booking and Scheduling Plugin\nPlugin URI: https:\/\/www.booking-wp-plugin.com\/?utm_source=bookly_admin&utm_medium=plugins_page&utm_campaign=plugins_page\nVersion: 26.7-->\n<style type=\"text\/css\">\n    :root {\n        --bookly-main-color: #010b40 !important;\n        --bookly-color: #010b40 !important;\n    }\n\n    <\/style><div class=\"bookly-css-root\">\n    <div id=\"bookly-form-6a04adf887cde\" class=\"bookly-form\" data-form_id=\"6a04adf887cde\" aria-live=\"polite\">\n        <div style=\"text-align: center\"><img decoding=\"async\" src=\"https:\/\/multitaste.lu\/wp-includes\/js\/tinymce\/skins\/lightgray\/img\/loader.gif\" alt=\"Chargement...\"\/><\/div>\n    <\/div>\n<\/div>\n<script type=\"text\/javascript\">\n    (function (win, fn) {\n        var done = false, top = true,\n            doc = win.document,\n            root = doc.documentElement,\n            modern = doc.addEventListener,\n            add = modern ? 'addEventListener' : 'attachEvent',\n            rem = modern ? 'removeEventListener' : 'detachEvent',\n            pre = modern ? '' : 'on',\n            init = function (e) {\n                if (e.type == 'readystatechange') if (doc.readyState != 'complete') return;\n                (e.type == 'load' ? win : doc)[rem](pre + e.type, init, false);\n                if (!done) {\n                    done = true;\n                    fn.call(win, e.type || e);\n                }\n            },\n            poll = function () {\n                try {\n                    root.doScroll('left');\n                } catch (e) {\n                    setTimeout(poll, 50);\n                    return;\n                }\n                init('poll');\n            };\n        if (doc.readyState == 'complete') fn.call(win, 'lazy');\n        else {\n            if (!modern) if (root.doScroll) {\n                try {\n                    top = !win.frameElement;\n                } catch (e) {\n                }\n                if (top) poll();\n            }\n            doc[add](pre + 'DOMContentLoaded', init, false);\n            doc[add](pre + 'readystatechange', init, false);\n            win[add](pre + 'load', init, false);\n        }\n    })(window, function () {\n        window.bookly( {\"form_id\":\"6a04adf887cde\",\"status\":{\"booking\":\"new\"},\"skip_steps\":{\"service_part1\":0,\"service_part2\":0,\"extras\":1,\"time\":0,\"repeat\":1,\"cart\":0},\"errors\":{\"session_error\":\"Erreur Session.\",\"form_id_error\":\"ID Formulaire d'erreur.\",\"cart_item_not_available\":\"The highlighted time is not available anymore. Please, choose another time slot.\",\"pay_locally_not_available\":\"Le paiement local n'est pas disponible.\",\"invalid_gateway\":\"Portail invalide.\",\"payment_error\":\"Erreur.\",\"incorrect_username_password\":\"Identifiant ou mot de passe incorrect.\"},\"form_attributes\":{\"hide_categories\":false,\"hide_services\":false,\"hide_staff_members\":true,\"show_number_of_persons\":false,\"hide_service_duration\":true,\"hide_locations\":true,\"hide_quantity\":true,\"hide_date\":false,\"hide_week_days\":true,\"hide_time_range\":true},\"use_client_time_zone\":0,\"defaults\":{\"service_id\":0,\"staff_id\":0,\"location_id\":0,\"category_id\":0},\"datepicker_mode\":\"text-accent\",\"facebook\":{\"enabled\":0,\"appId\":\"\"}} );\n    });\n<\/script>\t\t<\/div>\n\t\t\t\t<\/div>\n\t\t\t\t<\/div>\n\t\t\t\t\t<\/div>\n\t\t\t\t<\/div>\n\t\t<div class=\"elementor-element elementor-element-3f17195 e-flex e-con-boxed e-con e-parent\" data-id=\"3f17195\" data-element_type=\"container\" data-settings=\"{&quot;jet_parallax_layout_list&quot;:[]}\">\n\t\t\t\t\t<div class=\"e-con-inner\">\n\t\t\t\t<div class=\"elementor-element elementor-element-0cc2660 elementor-widget elementor-widget-spacer\" data-id=\"0cc2660\" data-element_type=\"widget\" data-widget_type=\"spacer.default\">\n\t\t\t\t<div class=\"elementor-widget-container\">\n\t\t\t\t\t<div class=\"elementor-spacer\">\n\t\t\t<div class=\"elementor-spacer-inner\"><\/div>\n\t\t<\/div>\n\t\t\t\t<\/div>\n\t\t\t\t<\/div>\n\t\t\t\t<div class=\"elementor-element elementor-element-c705de4 elementor-widget elementor-widget-heading\" data-id=\"c705de4\" data-element_type=\"widget\" data-widget_type=\"heading.default\">\n\t\t\t\t<div class=\"elementor-widget-container\">\n\t\t\t<h2 class=\"elementor-heading-title elementor-size-default\">Venez nous rendre visite !<\/h2>\t\t<\/div>\n\t\t\t\t<\/div>\n\t\t\t\t\t<\/div>\n\t\t\t\t<\/div>\n\t\t<div class=\"elementor-element elementor-element-84b1660 e-flex e-con-boxed e-con e-parent\" data-id=\"84b1660\" data-element_type=\"container\" data-settings=\"{&quot;jet_parallax_layout_list&quot;:[]}\">\n\t\t\t\t\t<div class=\"e-con-inner\">\n\t\t\t\t<div class=\"elementor-element elementor-element-0dd1546 elementor-widget elementor-widget-jet-map\" data-id=\"0dd1546\" data-element_type=\"widget\" data-widget_type=\"jet-map.default\">\n\t\t\t\t<div class=\"elementor-widget-container\">\n\t\t\t<div class=\"jet-map\" data-init=\"{&quot;center&quot;:{&quot;lat&quot;:49.6007697,&quot;lng&quot;:6.065589999999999},&quot;zoom&quot;:15,&quot;scrollwheel&quot;:false,&quot;zoomControl&quot;:false,&quot;fullscreenControl&quot;:false,&quot;streetViewControl&quot;:false,&quot;mapTypeControl&quot;:false,&quot;pinsAutoClose&quot;:false}\" data-pins=\"[{&quot;address&quot;:&quot;80 Rte de Longwy, 8060 Helfent Bertrange, Lussemburgo&quot;,&quot;position&quot;:{&quot;lat&quot;:49.6007697,&quot;lng&quot;:6.065589999999999},&quot;desc&quot;:&quot;&lt;p&gt;Multitaste&lt;\\\/p&gt;&quot;,&quot;state&quot;:&quot;hidden&quot;}]\"><\/div>\t\t<\/div>\n\t\t\t\t<\/div>\n\t\t\t\t\t<\/div>\n\t\t\t\t<\/div>\n\t\t\t\t<\/div>\n\t\t","protected":false},"excerpt":{"rendered":"<p>Il est temps de r\u00e9server ! Contact R\u00e9servez d\u00e8s maintenant votre exp\u00e9rience I am Wow N&rsquo;oubliez pas de r\u00e9server une exp\u00e9rience pour un maximum de 6 personnes. Venez nous rendre visite !<\/p>\n","protected":false},"author":1,"featured_media":0,"parent":0,"menu_order":0,"comment_status":"closed","ping_status":"closed","template":"elementor_header_footer","meta":{"footnotes":""},"class_list":["post-1142","page","type-page","status-publish","hentry"],"yoast_head":"<!-- This site is optimized with the Yoast SEO plugin v23.9 - https:\/\/yoast.com\/wordpress\/plugins\/seo\/ -->\n<title>R\u00e9server | Multitaste<\/title>\n<meta name=\"robots\" content=\"index, follow, max-snippet:-1, max-image-preview:large, max-video-preview:-1\" \/>\n<link rel=\"canonical\" href=\"https:\/\/multitaste.lu\/fr\/reserver\/\" \/>\n<meta property=\"og:locale\" content=\"fr_FR\" \/>\n<meta property=\"og:type\" content=\"article\" \/>\n<meta property=\"og:title\" content=\"R\u00e9server | Multitaste\" \/>\n<meta property=\"og:description\" content=\"Il est temps de r\u00e9server ! Contact R\u00e9servez d\u00e8s maintenant votre exp\u00e9rience I am Wow N&rsquo;oubliez pas de r\u00e9server une exp\u00e9rience pour un maximum de 6 personnes. Venez nous rendre visite !\" \/>\n<meta property=\"og:url\" content=\"https:\/\/multitaste.lu\/fr\/reserver\/\" \/>\n<meta property=\"og:site_name\" content=\"Multitaste\" \/>\n<meta property=\"article:modified_time\" content=\"2025-02-25T11:25:34+00:00\" \/>\n<meta name=\"twitter:card\" content=\"summary_large_image\" \/>\n<script type=\"application\/ld+json\" class=\"yoast-schema-graph\">{\"@context\":\"https:\/\/schema.org\",\"@graph\":[{\"@type\":\"WebPage\",\"@id\":\"https:\/\/multitaste.lu\/fr\/reserver\/\",\"url\":\"https:\/\/multitaste.lu\/fr\/reserver\/\",\"name\":\"R\u00e9server | Multitaste\",\"isPartOf\":{\"@id\":\"https:\/\/multitaste.lu\/fr\/#website\"},\"datePublished\":\"2024-12-14T08:50:06+00:00\",\"dateModified\":\"2025-02-25T11:25:34+00:00\",\"breadcrumb\":{\"@id\":\"https:\/\/multitaste.lu\/fr\/reserver\/#breadcrumb\"},\"inLanguage\":\"fr-FR\",\"potentialAction\":[{\"@type\":\"ReadAction\",\"target\":[\"https:\/\/multitaste.lu\/fr\/reserver\/\"]}]},{\"@type\":\"BreadcrumbList\",\"@id\":\"https:\/\/multitaste.lu\/fr\/reserver\/#breadcrumb\",\"itemListElement\":[{\"@type\":\"ListItem\",\"position\":1,\"name\":\"Home\",\"item\":\"https:\/\/multitaste.lu\/fr\/home\/\"},{\"@type\":\"ListItem\",\"position\":2,\"name\":\"R\u00e9server\"}]},{\"@type\":\"WebSite\",\"@id\":\"https:\/\/multitaste.lu\/fr\/#website\",\"url\":\"https:\/\/multitaste.lu\/fr\/\",\"name\":\"Multitaste\",\"description\":\"Same soul Multi experience\",\"publisher\":{\"@id\":\"https:\/\/multitaste.lu\/fr\/#organization\"},\"potentialAction\":[{\"@type\":\"SearchAction\",\"target\":{\"@type\":\"EntryPoint\",\"urlTemplate\":\"https:\/\/multitaste.lu\/fr\/?s={search_term_string}\"},\"query-input\":{\"@type\":\"PropertyValueSpecification\",\"valueRequired\":true,\"valueName\":\"search_term_string\"}}],\"inLanguage\":\"fr-FR\"},{\"@type\":\"Organization\",\"@id\":\"https:\/\/multitaste.lu\/fr\/#organization\",\"name\":\"Multitaste\",\"url\":\"https:\/\/multitaste.lu\/fr\/\",\"logo\":{\"@type\":\"ImageObject\",\"inLanguage\":\"fr-FR\",\"@id\":\"https:\/\/multitaste.lu\/fr\/#\/schema\/logo\/image\/\",\"url\":\"https:\/\/multitaste.lu\/wp-content\/uploads\/2024\/08\/Vector.svg\",\"contentUrl\":\"https:\/\/multitaste.lu\/wp-content\/uploads\/2024\/08\/Vector.svg\",\"width\":165,\"height\":29,\"caption\":\"Multitaste\"},\"image\":{\"@id\":\"https:\/\/multitaste.lu\/fr\/#\/schema\/logo\/image\/\"}}]}<\/script>\n<!-- \/ Yoast SEO plugin. -->","yoast_head_json":{"title":"R\u00e9server | Multitaste","robots":{"index":"index","follow":"follow","max-snippet":"max-snippet:-1","max-image-preview":"max-image-preview:large","max-video-preview":"max-video-preview:-1"},"canonical":"https:\/\/multitaste.lu\/fr\/reserver\/","og_locale":"fr_FR","og_type":"article","og_title":"R\u00e9server | Multitaste","og_description":"Il est temps de r\u00e9server ! Contact R\u00e9servez d\u00e8s maintenant votre exp\u00e9rience I am Wow N&rsquo;oubliez pas de r\u00e9server une exp\u00e9rience pour un maximum de 6 personnes. Venez nous rendre visite !","og_url":"https:\/\/multitaste.lu\/fr\/reserver\/","og_site_name":"Multitaste","article_modified_time":"2025-02-25T11:25:34+00:00","twitter_card":"summary_large_image","schema":{"@context":"https:\/\/schema.org","@graph":[{"@type":"WebPage","@id":"https:\/\/multitaste.lu\/fr\/reserver\/","url":"https:\/\/multitaste.lu\/fr\/reserver\/","name":"R\u00e9server | Multitaste","isPartOf":{"@id":"https:\/\/multitaste.lu\/fr\/#website"},"datePublished":"2024-12-14T08:50:06+00:00","dateModified":"2025-02-25T11:25:34+00:00","breadcrumb":{"@id":"https:\/\/multitaste.lu\/fr\/reserver\/#breadcrumb"},"inLanguage":"fr-FR","potentialAction":[{"@type":"ReadAction","target":["https:\/\/multitaste.lu\/fr\/reserver\/"]}]},{"@type":"BreadcrumbList","@id":"https:\/\/multitaste.lu\/fr\/reserver\/#breadcrumb","itemListElement":[{"@type":"ListItem","position":1,"name":"Home","item":"https:\/\/multitaste.lu\/fr\/home\/"},{"@type":"ListItem","position":2,"name":"R\u00e9server"}]},{"@type":"WebSite","@id":"https:\/\/multitaste.lu\/fr\/#website","url":"https:\/\/multitaste.lu\/fr\/","name":"Multitaste","description":"Same soul Multi experience","publisher":{"@id":"https:\/\/multitaste.lu\/fr\/#organization"},"potentialAction":[{"@type":"SearchAction","target":{"@type":"EntryPoint","urlTemplate":"https:\/\/multitaste.lu\/fr\/?s={search_term_string}"},"query-input":{"@type":"PropertyValueSpecification","valueRequired":true,"valueName":"search_term_string"}}],"inLanguage":"fr-FR"},{"@type":"Organization","@id":"https:\/\/multitaste.lu\/fr\/#organization","name":"Multitaste","url":"https:\/\/multitaste.lu\/fr\/","logo":{"@type":"ImageObject","inLanguage":"fr-FR","@id":"https:\/\/multitaste.lu\/fr\/#\/schema\/logo\/image\/","url":"https:\/\/multitaste.lu\/wp-content\/uploads\/2024\/08\/Vector.svg","contentUrl":"https:\/\/multitaste.lu\/wp-content\/uploads\/2024\/08\/Vector.svg","width":165,"height":29,"caption":"Multitaste"},"image":{"@id":"https:\/\/multitaste.lu\/fr\/#\/schema\/logo\/image\/"}}]}},"_links":{"self":[{"href":"https:\/\/multitaste.lu\/fr\/wp-json\/wp\/v2\/pages\/1142"}],"collection":[{"href":"https:\/\/multitaste.lu\/fr\/wp-json\/wp\/v2\/pages"}],"about":[{"href":"https:\/\/multitaste.lu\/fr\/wp-json\/wp\/v2\/types\/page"}],"author":[{"embeddable":true,"href":"https:\/\/multitaste.lu\/fr\/wp-json\/wp\/v2\/users\/1"}],"replies":[{"embeddable":true,"href":"https:\/\/multitaste.lu\/fr\/wp-json\/wp\/v2\/comments?post=1142"}],"version-history":[{"count":1,"href":"https:\/\/multitaste.lu\/fr\/wp-json\/wp\/v2\/pages\/1142\/revisions"}],"predecessor-version":[{"id":1143,"href":"https:\/\/multitaste.lu\/fr\/wp-json\/wp\/v2\/pages\/1142\/revisions\/1143"}],"wp:attachment":[{"href":"https:\/\/multitaste.lu\/fr\/wp-json\/wp\/v2\/media?parent=1142"}],"curies":[{"name":"wp","href":"https:\/\/api.w.org\/{rel}","templated":true}]}}